{"id":4400,"date":"2021-10-12T15:51:09","date_gmt":"2021-10-12T15:51:09","guid":{"rendered":"http:\/\/dummy.xtemos.com\/woodmart2\/elementor\/?page_id=4400"},"modified":"2025-01-07T20:39:58","modified_gmt":"2025-01-07T17:39:58","slug":"hakkimizda","status":"publish","type":"page","link":"https:\/\/yasaerimgedik.com\/fr\/hakkimizda","title":{"rendered":"\u00c0 propos de nous"},"content":{"rendered":"<div data-elementor-type=\"wp-page\" data-elementor-id=\"4400\" class=\"elementor elementor-4400\" data-elementor-post-type=\"page\">\n\t\t\t\t<div class=\"wd-negative-gap elementor-element elementor-element-7c7c544 e-flex e-con-boxed e-con e-parent\" data-id=\"7c7c544\" data-element_type=\"container\" data-e-type=\"container\">\n\t\t\t\t\t<div class=\"e-con-inner\">\n\t\t<div class=\"elementor-element elementor-element-e7cb5cd e-con-full e-flex e-con e-child\" data-id=\"e7cb5cd\" data-element_type=\"container\" data-e-type=\"container\">\n\t\t\t\t<div class=\"elementor-element elementor-element-56aec39 elementor-widget elementor-widget-wd_image_or_svg\" data-id=\"56aec39\" data-element_type=\"widget\" data-e-type=\"widget\" data-widget_type=\"wd_image_or_svg.default\">\n\t\t\t\t<div class=\"elementor-widget-container\">\n\t\t\t\t\t\n\t\t<div class=\"wd-image text-left\">\n\t\t\t\t\t\t\t\t<img fetchpriority=\"high\" decoding=\"async\" width=\"1099\" height=\"900\" src=\"https:\/\/yasaerimgedik.com\/wp-content\/uploads\/2025\/01\/hakkimizda.jpg\" class=\"attachment-full size-full\" alt=\"\" srcset=\"https:\/\/yasaerimgedik.com\/wp-content\/uploads\/2025\/01\/hakkimizda.jpg 1099w, https:\/\/yasaerimgedik.com\/wp-content\/uploads\/2025\/01\/hakkimizda-366x300.jpg 366w, https:\/\/yasaerimgedik.com\/wp-content\/uploads\/2025\/01\/hakkimizda-977x800.jpg 977w, https:\/\/yasaerimgedik.com\/wp-content\/uploads\/2025\/01\/hakkimizda-768x629.jpg 768w, https:\/\/yasaerimgedik.com\/wp-content\/uploads\/2025\/01\/hakkimizda-75x60.jpg 75w\" sizes=\"(max-width: 1099px) 100vw, 1099px\" \/>\t\t\t\t\t<\/div>\n\n\t\t\t\t\t\t<\/div>\n\t\t\t\t<\/div>\n\t\t\t\t<\/div>\n\t\t<div class=\"elementor-element elementor-element-97d6084 e-con-full e-flex e-con e-child\" data-id=\"97d6084\" data-element_type=\"container\" data-e-type=\"container\">\n\t\t\t\t<div class=\"elementor-element elementor-element-98d830b wd-width-100 elementor-widget elementor-widget-wd_title\" data-id=\"98d830b\" data-element_type=\"widget\" data-e-type=\"widget\" data-widget_type=\"wd_title.default\">\n\t\t\t\t<div class=\"elementor-widget-container\">\n\t\t\t\t\t\t\t<div class=\"title-wrapper wd-set-mb reset-last-child wd-title-color-primary wd-title-style-default wd-title-size-large text-left\">\n\n\t\t\t\t\t\t\t\t\t\t\t<div class=\"title-subtitle subtitle-color-primary subtitle-style-default wd-fontsize-xs\">\n\t\t\t\t\tExpert de premier plan dans le traitement de la douleur : \t\t\t\t<\/div>\n\t\t\t\n\t\t\t<div class=\"liner-continer\">\n\t\t\t\t<h4 class=\"woodmart-title-container title wd-fontsize-xxl\"><span class=\"ez-toc-section\" id=\"Dr_Yasa_Erim_GEDIK\"><\/span>Dr Ya\u015fa Erim GEDIK<span class=\"ez-toc-section-end\"><\/span><\/h4> \n\t\t\t\t\t\t\t<\/div>\n\n\t\t\t\t\t\t\t<div class=\"title-after_title reset-last-child wd-fontsize-s\">\n\t\t\t\t\t<p><em>Le Dr Ya\u015fa Erim GED\u0130K est un m\u00e9decin connu pour son expertise dans les traitements m\u00e9dicaux et interventionnels de la douleur et a r\u00e9ussi \u00e0 am\u00e9liorer la qualit\u00e9 de vie de milliers de patients. <\/em><\/p>\t\t\t\t<\/div>\n\t\t\t\t\t<\/div>\n\t\t\t\t\t\t<\/div>\n\t\t\t\t<\/div>\n\t\t\t\t<div class=\"elementor-element elementor-element-66e47ad elementor-widget elementor-widget-wd_text_block\" data-id=\"66e47ad\" data-element_type=\"widget\" data-e-type=\"widget\" data-widget_type=\"wd_text_block.default\">\n\t\t\t\t<div class=\"elementor-widget-container\">\n\t\t\t\t\t\t\t<div class=\"wd-text-block reset-last-child text-left\">\n\t\t\t\n\t\t\t<p>Dipl\u00f4m\u00e9 en 1998 de la facult\u00e9 de m\u00e9decine de l'universit\u00e9 d'Erciyes, le docteur Gedik a approfondi les domaines de la douleur et des soins intensifs au cours de sa formation sp\u00e9cialis\u00e9e en anesth\u00e9sie et r\u00e9animation \u00e0 l'universit\u00e9 de \u00c7ukurova et a obtenu des succ\u00e8s significatifs dans ces domaines. Le Dr Gedik, qui applique avec succ\u00e8s des techniques avanc\u00e9es telles que les interventions intra-discales et l'IDET, qui sont pratiqu\u00e9es par peu de m\u00e9decins dans notre pays, gr\u00e2ce \u00e0 la formation qu'il a re\u00e7ue aux \u00c9tats-Unis, offre des solutions permanentes \u00e0 ses patients dans un large \u00e9ventail de domaines allant du traitement non chirurgical des hernies lombaires et cervicales \u00e0 la douleur canc\u00e9reuse.<\/p>\n\t\t\t\t\t<\/div>\n\t\t\t\t\t\t<\/div>\n\t\t\t\t<\/div>\n\t\t\t\t<\/div>\n\t\t\t\t\t<\/div>\n\t\t\t\t<\/div>\n\t\t<div class=\"wd-negative-gap elementor-element elementor-element-2d72d5c e-flex e-con-boxed e-con e-parent\" data-id=\"2d72d5c\" data-element_type=\"container\" data-e-type=\"container\">\n\t\t\t\t\t<div class=\"e-con-inner\">\n\t\t<div class=\"elementor-element elementor-element-09e15dc e-con-full e-flex e-con e-child\" data-id=\"09e15dc\" data-element_type=\"container\" data-e-type=\"container\">\n\t\t\t\t<div class=\"elementor-element elementor-element-9a9a496 elementor-widget elementor-widget-heading\" data-id=\"9a9a496\" data-element_type=\"widget\" data-e-type=\"widget\" data-widget_type=\"heading.default\">\n\t\t\t\t<div class=\"elementor-widget-container\">\n\t\t\t\t\t<h2 class=\"elementor-heading-title elementor-size-default\"><span class=\"ez-toc-section\" id=\"Deneyim_ve_Basarilar\"><\/span>Exp\u00e9rience et r\u00e9alisations<span class=\"ez-toc-section-end\"><\/span><\/h2>\t\t\t\t<\/div>\n\t\t\t\t<\/div>\n\t\t\t\t<div class=\"elementor-element elementor-element-54c0f7c elementor-widget elementor-widget-wd_text_block\" data-id=\"54c0f7c\" data-element_type=\"widget\" data-e-type=\"widget\" data-widget_type=\"wd_text_block.default\">\n\t\t\t\t<div class=\"elementor-widget-container\">\n\t\t\t\t\t\t\t<div class=\"wd-text-block reset-last-child text-left\">\n\t\t\t\n\t\t\t<p>Le Dr Gedik poss\u00e8de une exp\u00e9rience unique dans le traitement interventionnel de la douleur, qui est sa sp\u00e9cialit\u00e9. Il applique avec succ\u00e8s des m\u00e9thodes \u00e0 haut risque telles que l'IDET, en particulier dans le traitement de la hernie lombaire saillante isol\u00e9e, et attire l'attention comme l'un des principaux m\u00e9decins de notre pays dans ce domaine. Il a mis fin \u00e0 la douleur de milliers de personnes gr\u00e2ce \u00e0 ces m\u00e9thodes qu'il a appliqu\u00e9es \u00e0 environ 1000 patients \u00e0 ce jour. En outre, il est r\u00e9f\u00e9r\u00e9 par d'importants centres de sant\u00e9 du pays gr\u00e2ce \u00e0 son exp\u00e9rience dans le traitement de nombreuses douleurs aigu\u00ebs et chroniques telles que les hernies lombaires et cervicales, les \u00e9checs d'op\u00e9rations du dos, les douleurs du genou, la fibromyalgie, les douleurs de la t\u00eate et du visage.<\/p>\n\t\t\t\t\t<\/div>\n\t\t\t\t\t\t<\/div>\n\t\t\t\t<\/div>\n\t\t\t\t<\/div>\n\t\t<div class=\"elementor-element elementor-element-b20b1b0 e-con-full e-flex e-con e-child\" data-id=\"b20b1b0\" data-element_type=\"container\" data-e-type=\"container\">\n\t\t\t\t<div class=\"elementor-element elementor-element-22745be elementor-widget elementor-widget-heading\" data-id=\"22745be\" data-element_type=\"widget\" data-e-type=\"widget\" data-widget_type=\"heading.default\">\n\t\t\t\t<div class=\"elementor-widget-container\">\n\t\t\t\t\t<h2 class=\"elementor-heading-title elementor-size-default\"><span class=\"ez-toc-section\" id=\"Gelismis_Tedavi_Yontemleri\"><\/span>M\u00e9thodes de traitement avanc\u00e9es<span class=\"ez-toc-section-end\"><\/span><\/h2>\t\t\t\t<\/div>\n\t\t\t\t<\/div>\n\t\t\t\t<div class=\"elementor-element elementor-element-8a65408 elementor-widget elementor-widget-wd_text_block\" data-id=\"8a65408\" data-element_type=\"widget\" data-e-type=\"widget\" data-widget_type=\"wd_text_block.default\">\n\t\t\t\t<div class=\"elementor-widget-container\">\n\t\t\t\t\t\t\t<div class=\"wd-text-block reset-last-child text-left\">\n\t\t\t\n\t\t\t<p>L'expertise du Dr Gedik ne se limite pas au traitement de la douleur. Il applique avec succ\u00e8s des m\u00e9thodes interventionnelles avanc\u00e9es telles que la pose d'un port veineux permanent, la stimulation de la moelle \u00e9pini\u00e8re (SCS), les syst\u00e8mes de pompe rachidienne et \u00e9pidurale chez les patients atteints de cancer. En outre, il offre une approche holistique \u00e0 ses patients gr\u00e2ce \u00e0 des applications de m\u00e9decine compl\u00e9mentaire telles que la proloth\u00e9rapie, la th\u00e9rapie neurale, la th\u00e9rapie par l'ozone et l'acupuncture. Elle se distingue \u00e9galement dans le traitement des maladies chroniques avec des applications de m\u00e9decine fonctionnelle telles que l'immunit\u00e9 cellulaire et l'\u00e9quilibre hormonal.<\/p>\n\t\t\t\t\t<\/div>\n\t\t\t\t\t\t<\/div>\n\t\t\t\t<\/div>\n\t\t\t\t<\/div>\n\t\t\t\t\t<\/div>\n\t\t\t\t<\/div>\n\t\t<div class=\"wd-negative-gap elementor-element elementor-element-fc1f6f5 e-flex e-con-boxed e-con e-parent\" data-id=\"fc1f6f5\" data-element_type=\"container\" data-e-type=\"container\">\n\t\t\t\t\t<div class=\"e-con-inner\">\n\t\t<div class=\"elementor-element elementor-element-c00edbb e-con-full e-flex e-con e-child\" data-id=\"c00edbb\" data-element_type=\"container\" data-e-type=\"container\">\n\t\t\t\t<div class=\"elementor-element elementor-element-936c5fd elementor-widget elementor-widget-heading\" data-id=\"936c5fd\" data-element_type=\"widget\" data-e-type=\"widget\" data-widget_type=\"heading.default\">\n\t\t\t\t<div class=\"elementor-widget-container\">\n\t\t\t\t\t<h2 class=\"elementor-heading-title elementor-size-default\"><span class=\"ez-toc-section\" id=\"Yogun_Bakim_ve_Geleneksel_Tip_Deneyimi\"><\/span>Soins intensifs et exp\u00e9rience en m\u00e9decine traditionnelle<span class=\"ez-toc-section-end\"><\/span><\/h2>\t\t\t\t<\/div>\n\t\t\t\t<\/div>\n\t\t\t\t<div class=\"elementor-element elementor-element-efc10f1 elementor-widget elementor-widget-wd_text_block\" data-id=\"efc10f1\" data-element_type=\"widget\" data-e-type=\"widget\" data-widget_type=\"wd_text_block.default\">\n\t\t\t\t<div class=\"elementor-widget-container\">\n\t\t\t\t\t\t\t<div class=\"wd-text-block reset-last-child text-left\">\n\t\t\t\n\t\t\t<p>Le Dr Gedik, qui a plus de 15 ans d'exp\u00e9rience en soins intensifs, a r\u00e9alis\u00e9 avec succ\u00e8s des proc\u00e9dures interventionnelles avanc\u00e9es telles que les applications de ventilateurs m\u00e9caniques, la trach\u00e9otomie percutan\u00e9e et la CVVHDF. En outre, il a acquis une exp\u00e9rience significative dans la gestion de l'anesth\u00e9sie lors d'op\u00e9rations sp\u00e9ciales telles que les transplantations \u00e0 c\u0153ur ouvert, de foie et de rein.<\/p>\n\t\t\t\t\t<\/div>\n\t\t\t\t\t\t<\/div>\n\t\t\t\t<\/div>\n\t\t\t\t<\/div>\n\t\t<div class=\"elementor-element elementor-element-4cd8afb e-con-full e-flex e-con e-child\" data-id=\"4cd8afb\" data-element_type=\"container\" data-e-type=\"container\">\n\t\t\t\t<div class=\"elementor-element elementor-element-f55d329 elementor-widget elementor-widget-heading\" data-id=\"f55d329\" data-element_type=\"widget\" data-e-type=\"widget\" data-widget_type=\"heading.default\">\n\t\t\t\t<div class=\"elementor-widget-container\">\n\t\t\t\t\t<h2 class=\"elementor-heading-title elementor-size-default\"><span class=\"ez-toc-section\" id=\"Saglik_Turizmi_ve_Uluslararasi_Calismalar\"><\/span>Tourisme de sant\u00e9 et \u00e9tudes internationales<span class=\"ez-toc-section-end\"><\/span><\/h2>\t\t\t\t<\/div>\n\t\t\t\t<\/div>\n\t\t\t\t<div class=\"elementor-element elementor-element-0004cab elementor-widget elementor-widget-wd_text_block\" data-id=\"0004cab\" data-element_type=\"widget\" data-e-type=\"widget\" data-widget_type=\"wd_text_block.default\">\n\t\t\t\t<div class=\"elementor-widget-container\">\n\t\t\t\t\t\t\t<div class=\"wd-text-block reset-last-child text-left\">\n\t\t\t\n\t\t\t<p>En 2023, il a re\u00e7u le certificat d'autorisation de tourisme de sant\u00e9 d\u00e9livr\u00e9 par le minist\u00e8re de la sant\u00e9 et a commenc\u00e9 \u00e0 fournir des services aux patients \u00e9trangers. Gr\u00e2ce \u00e0 une approche multidisciplinaire, il offre des services de traitement plus complets \u00e0 ses patients en travaillant de mani\u00e8re int\u00e9gr\u00e9e avec des domaines tels que l'orthop\u00e9die, la neurochirurgie et la neurologie.<\/p>\n\t\t\t\t\t<\/div>\n\t\t\t\t\t\t<\/div>\n\t\t\t\t<\/div>\n\t\t\t\t<\/div>\n\t\t\t\t\t<\/div>\n\t\t\t\t<\/div>\n\t\t<div class=\"wd-negative-gap elementor-element elementor-element-e8fda72 e-flex e-con-boxed e-con e-parent\" data-id=\"e8fda72\" data-element_type=\"container\" data-e-type=\"container\">\n\t\t\t\t\t<div class=\"e-con-inner\">\n\t\t<div class=\"elementor-element elementor-element-95141d5 e-con-full e-flex e-con e-child\" data-id=\"95141d5\" data-element_type=\"container\" data-e-type=\"container\">\n\t\t\t\t<div class=\"elementor-element elementor-element-51eb550 elementor-widget elementor-widget-heading\" data-id=\"51eb550\" data-element_type=\"widget\" data-e-type=\"widget\" data-widget_type=\"heading.default\">\n\t\t\t\t<div class=\"elementor-widget-container\">\n\t\t\t\t\t<h2 class=\"elementor-heading-title elementor-size-default\"><span class=\"ez-toc-section\" id=\"Kisisel_Yasam_ve_Ilgi_Alanlari\"><\/span>Vie personnelle et int\u00e9r\u00eats :<span class=\"ez-toc-section-end\"><\/span><\/h2>\t\t\t\t<\/div>\n\t\t\t\t<\/div>\n\t\t\t\t<div class=\"elementor-element elementor-element-f291783 elementor-widget elementor-widget-wd_text_block\" data-id=\"f291783\" data-element_type=\"widget\" data-e-type=\"widget\" data-widget_type=\"wd_text_block.default\">\n\t\t\t\t<div class=\"elementor-widget-container\">\n\t\t\t\t\t\t\t<div class=\"wd-text-block reset-last-child text-left\">\n\t\t\t\n\t\t\t<p>Le Dr Gedik m\u00e8ne une vie active non seulement dans le domaine de la m\u00e9decine, mais aussi dans les domaines artistiques et sportifs. Le Dr Gedik, qui joue du violon en amateur et s'int\u00e9resse \u00e0 la musique et au sport, est mari\u00e9 et p\u00e8re de trois enfants.<\/p>\n\t\t\t\t\t<\/div>\n\t\t\t\t\t\t<\/div>\n\t\t\t\t<\/div>\n\t\t\t\t<\/div>\n\t\t\t\t\t<\/div>\n\t\t\t\t<\/div>\n\t\t<div class=\"wd-negative-gap elementor-element elementor-element-1c90c3f wd-section-stretch e-flex e-con-boxed e-con e-parent\" data-id=\"1c90c3f\" data-element_type=\"container\" data-e-type=\"container\">\n\t\t\t\t\t<div class=\"e-con-inner\">\n\t\t\t\t<div class=\"elementor-element elementor-element-5d57672 elementor-widget__width-initial elementor-widget-tablet__width-inherit wd-width-100 elementor-widget elementor-widget-wd_title\" data-id=\"5d57672\" data-element_type=\"widget\" data-e-type=\"widget\" data-widget_type=\"wd_title.default\">\n\t\t\t\t<div class=\"elementor-widget-container\">\n\t\t\t\t\t\t\t<div class=\"title-wrapper wd-set-mb reset-last-child wd-title-color-primary wd-title-style-default wd-title-size-large text-left\">\n\n\t\t\t\t\t\t\t\t\t\t\t<div class=\"title-subtitle subtitle-color-primary subtitle-style-default wd-fontsize-xs\">\n\t\t\t\t\tPour une vie sans douleur\t\t\t\t<\/div>\n\t\t\t\n\t\t\t<div class=\"liner-continer\">\n\t\t\t\t<h4 class=\"woodmart-title-container title wd-fontsize-xxl\"><span class=\"ez-toc-section\" id=\"Bilim_ve_Guvenle_Yaninizdayiz\"><\/span>La science et la confiance \u00e0 vos c\u00f4t\u00e9s<span class=\"ez-toc-section-end\"><\/span><\/h4> \n\t\t\t\t\t\t\t<\/div>\n\n\t\t\t\t\t<\/div>\n\t\t\t\t\t\t<\/div>\n\t\t\t\t<\/div>\n\t\t\t\t<div class=\"elementor-element elementor-element-9c05225 elementor-widget__width-initial elementor-widget elementor-widget-wd_infobox\" data-id=\"9c05225\" data-element_type=\"widget\" data-e-type=\"widget\" data-widget_type=\"wd_infobox.default\">\n\t\t\t\t<div class=\"elementor-widget-container\">\n\t\t\t\t\t\t\t<div class=\"info-box-wrapper\">\n\t\t\t<div class=\"wd-info-box text-left box-icon-align-top box-style-base color-scheme-\">\n\t\t\t\t\n\t\t\t\t<div class=\"info-box-content\">\n\t\t\t\t\t\n\t\t\t\t\t\t\t\t\t\t\t<h4\t\t\t\t\t\tclass=\"info-box-title title box-title-style-default wd-fontsize-m\" data-elementor-setting-key=\"title\"><span class=\"ez-toc-section\" id=\"Misyonumuz\"><\/span>\n\t\t\t\t\t\t\t\tNotre mission\t\t\t\t\t\t<span class=\"ez-toc-section-end\"><\/span><\/h4>\n\t\t\t\t\t\n\t\t\t\t\t<div class=\"info-box-inner reset-last-child\"data-elementor-setting-key=\"content\"><p>Am\u00e9liorer la qualit\u00e9 de vie des patients, leur offrir une vie sans douleur et faire la diff\u00e9rence gr\u00e2ce \u00e0 des traitements scientifiques adapt\u00e9s aux besoins individuels.<\/p>\n<\/div>\n\n\t\t\t\t\t\t\t\t\t<\/div>\n\n\t\t\t\t\t\t\t\t\t<a href=\"#\" class=\"wd-info-box-link wd-fill\" aria-label=\"Infobox link\"><\/a>\n\t\t\t\t\t\t\t<\/div>\n\t\t<\/div>\n\t\t\t\t\t\t<\/div>\n\t\t\t\t<\/div>\n\t\t\t\t<div class=\"elementor-element elementor-element-ec30bde elementor-widget__width-initial elementor-widget elementor-widget-wd_infobox\" data-id=\"ec30bde\" data-element_type=\"widget\" data-e-type=\"widget\" data-widget_type=\"wd_infobox.default\">\n\t\t\t\t<div class=\"elementor-widget-container\">\n\t\t\t\t\t\t\t<div class=\"info-box-wrapper\">\n\t\t\t<div class=\"wd-info-box text-left box-icon-align-top box-style-base color-scheme-\">\n\t\t\t\t\n\t\t\t\t<div class=\"info-box-content\">\n\t\t\t\t\t\n\t\t\t\t\t\t\t\t\t\t\t<h4\t\t\t\t\t\tclass=\"info-box-title title box-title-style-default wd-fontsize-m\" data-elementor-setting-key=\"title\"><span class=\"ez-toc-section\" id=\"Vizyonumuz\"><\/span>\n\t\t\t\t\t\t\t\tNotre vision\t\t\t\t\t\t<span class=\"ez-toc-section-end\"><\/span><\/h4>\n\t\t\t\t\t\n\t\t\t\t\t<div class=\"info-box-inner reset-last-child\"data-elementor-setting-key=\"content\"><p>\u00catre un centre de pointe dans le traitement de la douleur dans notre pays et au niveau international gr\u00e2ce \u00e0 des m\u00e9thodes de traitement avanc\u00e9es et \u00e0 une approche multidisciplinaire.<\/p>\n<\/div>\n\n\t\t\t\t\t\t\t\t\t<\/div>\n\n\t\t\t\t\t\t\t<\/div>\n\t\t<\/div>\n\t\t\t\t\t\t<\/div>\n\t\t\t\t<\/div>\n\t\t\t\t\t<\/div>\n\t\t\t\t<\/div>\n\t\t\t\t<\/div>","protected":false},"excerpt":{"rendered":"<p>A\u011fr\u0131 Tedavisinde \u00d6nc\u00fc Uzman: Dr. Ya\u015fa Erim GED\u0130K Dr. Ya\u015fa Erim GED\u0130K, medikal ve giri\u015fimsel a\u011fr\u0131 tedavilerindeki uzmanl\u0131\u011f\u0131 ile tan\u0131nan,<\/p>","protected":false},"author":1,"featured_media":0,"parent":0,"menu_order":0,"comment_status":"closed","ping_status":"closed","template":"","meta":{"_acf_changed":false,"_joinchat":[],"footnotes":""},"class_list":["post-4400","page","type-page","status-publish","hentry"],"acf":[],"_links":{"self":[{"href":"https:\/\/yasaerimgedik.com\/fr\/wp-json\/wp\/v2\/pages\/4400","targetHints":{"allow":["GET"]}}],"collection":[{"href":"https:\/\/yasaerimgedik.com\/fr\/wp-json\/wp\/v2\/pages"}],"about":[{"href":"https:\/\/yasaerimgedik.com\/fr\/wp-json\/wp\/v2\/types\/page"}],"author":[{"embeddable":true,"href":"https:\/\/yasaerimgedik.com\/fr\/wp-json\/wp\/v2\/users\/1"}],"replies":[{"embeddable":true,"href":"https:\/\/yasaerimgedik.com\/fr\/wp-json\/wp\/v2\/comments?post=4400"}],"version-history":[{"count":0,"href":"https:\/\/yasaerimgedik.com\/fr\/wp-json\/wp\/v2\/pages\/4400\/revisions"}],"wp:attachment":[{"href":"https:\/\/yasaerimgedik.com\/fr\/wp-json\/wp\/v2\/media?parent=4400"}],"curies":[{"name":"wp","href":"https:\/\/api.w.org\/{rel}","templated":true}]}}