{"id":3,"date":"2024-12-22T16:06:09","date_gmt":"2024-12-22T16:06:09","guid":{"rendered":"https:\/\/work.medyaikon.com.tr\/yasa\/?page_id=3"},"modified":"2024-12-30T15:53:55","modified_gmt":"2024-12-30T12:53:55","slug":"privacy-policy","status":"publish","type":"page","link":"https:\/\/yasaerimgedik.com\/fr\/privacy-policy","title":{"rendered":"Politique de confidentialit\u00e9"},"content":{"rendered":"<h3 class=\"wp-block-heading\"><span class=\"ez-toc-section\" id=\"Gizliliginiz_bizim_icin_onemlidir\"><\/span>Votre vie priv\u00e9e est importante pour nous<span class=\"ez-toc-section-end\"><\/span><\/h3>\n\n\n\n<p>Yasa Erim Gedik Pain Clinic traite des donn\u00e9es sensibles ou des donn\u00e9es \u00e0 caract\u00e8re personnel. Le centre anti-douleur Yasa Erim Gedik attache une grande importance au traitement soigneux des donn\u00e9es personnelles. C'est pourquoi nous traitons et s\u00e9curisons soigneusement les donn\u00e9es \u00e0 caract\u00e8re personnel. Nous respectons les exigences de la l\u00e9gislation sur la protection de la vie priv\u00e9e dans tous nos processus op\u00e9rationnels. Cela signifie, entre autres, que<\/p>\n\n\n\n<ul class=\"wp-block-list\">\n<li>Par le biais de ce r\u00e8glement sur la protection de la vie priv\u00e9e, nous indiquons clairement les raisons pour lesquelles nous traitons les donn\u00e9es \u00e0 caract\u00e8re personnel ;<\/li>\n\n\n\n<li>Nous limitons notre collecte de donn\u00e9es personnelles aux seules donn\u00e9es personnelles n\u00e9cessaires \u00e0 des fins l\u00e9gitimes ;<\/li>\n\n\n\n<li>Afin de traiter vos donn\u00e9es personnelles, nous demandons d'abord votre consentement explicite ;<\/li>\n\n\n\n<li>Nous prenons des mesures de s\u00e9curit\u00e9 appropri\u00e9es pour prot\u00e9ger vos donn\u00e9es \u00e0 caract\u00e8re personnel et nous nous assurons \u00e9galement que les parties qui traitent les donn\u00e9es \u00e0 caract\u00e8re personnel en notre nom ;<\/li>\n\n\n\n<li>Nous respectons votre droit de fournir, de corriger ou de supprimer vos donn\u00e9es personnelles \u00e0 votre demande.<\/li>\n<\/ul>\n\n\n\n<p>Dans ce r\u00e8glement sur la protection de la vie priv\u00e9e, nous expliquons quelles donn\u00e9es personnelles nous collectons et utilisons et dans quel but. Nous vous recommandons de les lire attentivement.<\/p>\n\n\n\n<h3 class=\"wp-block-heading\"><span class=\"ez-toc-section\" id=\"Verilerinizin_klinigimizde_kullanilmasi\"><\/span>Utilisation de vos donn\u00e9es dans notre clinique<span class=\"ez-toc-section-end\"><\/span><\/h3>\n\n\n\n<p>Afin de vous fournir les meilleurs soins, nous avons besoin de certaines informations vous concernant. Nous ne conservons et n'utilisons que les donn\u00e9es personnelles que vous nous fournissez directement dans le cadre de la prestation de soins ou qui nous sont clairement communiqu\u00e9es \u00e0 des fins de traitement. Lorsque vous vous rendez dans nos cliniques, nous vous demandons les informations suivantes, conform\u00e9ment \u00e0 la l\u00e9gislation turque :<\/p>\n\n\n\n<ul class=\"wp-block-list\">\n<li><code>Nom Nom de famille <\/code><\/li>\n\n\n\n<li><code>Genre <\/code><\/li>\n\n\n\n<li><code>Adresse <\/code><\/li>\n\n\n\n<li><code>Num\u00e9ro de t\u00e9l\u00e9phone <\/code><\/li>\n\n\n\n<li><code>Adresse \u00e9lectronique <\/code><\/li>\n\n\n\n<li><code>Date de naissance <\/code><\/li>\n\n\n\n<li><code>Donn\u00e9es personnelles sp\u00e9ciales (donn\u00e9es relatives \u00e0 votre sant\u00e9) <\/code><\/li>\n\n\n\n<li><code>Informations sur la carte d'identit\u00e9 et\/ou le passeport turcs <\/code><\/li>\n\n\n\n<li><code>Statut de r\u00e9sidence Informations sur l'assurance <\/code><\/li>\n\n\n\n<li><code>Praticiens r\u00e9f\u00e9rents (m\u00e9decin g\u00e9n\u00e9raliste, m\u00e9decin du travail, physioth\u00e9rapeute, centre d'IRM, pharmacie)<\/code><\/li>\n<\/ul>\n\n\n\n<p>Apr\u00e8s l'enregistrement, nous sauvegardons les donn\u00e9es personnelles que vous fournissez afin que vous ne deviez pas fournir ces informations \u00e0 chaque visite et que nous puissions vous contacter dans le cadre de la prestation de soins. Nous ne transmettons pas les donn\u00e9es vous concernant \u00e0 des tiers, \u00e0 moins que cela ne soit n\u00e9cessaire dans le cadre de la prestation de soins ou exig\u00e9 par la loi. Nous pouvons fournir des donn\u00e9es personnelles aux autorit\u00e9s comp\u00e9tentes en cas de suspicion de fraude ou d'abus de nos services.<\/p>\n\n\n\n<h3 class=\"wp-block-heading\"><span class=\"ez-toc-section\" id=\"Verilerinizin_guvenligi\"><\/span>S\u00e9curit\u00e9 des donn\u00e9es<span class=\"ez-toc-section-end\"><\/span><\/h3>\n\n\n\n<p>Nous prenons des mesures de s\u00e9curit\u00e9 pour limiter l'utilisation abusive des donn\u00e9es \u00e0 caract\u00e8re personnel et l'acc\u00e8s non autoris\u00e9. Nous prenons notamment les mesures suivantes :<\/p>\n\n\n\n<ul class=\"wp-block-list\">\n<li>L'acc\u00e8s aux donn\u00e9es personnelles est prot\u00e9g\u00e9 par un nom d'utilisateur, un mot de passe et un identifiant visuel.<\/li>\n\n\n\n<li>Une fois re\u00e7ues, les donn\u00e9es sont stock\u00e9es dans un dossier patient \u00e9lectronique s\u00e9par\u00e9 et prot\u00e9g\u00e9. Seuls le personnel m\u00e9dical et les secr\u00e9taires ont un acc\u00e8s (limit\u00e9) \u00e0 votre dossier m\u00e9dical. Tous les employ\u00e9s ne consultent ou n'utilisent vos donn\u00e9es que si cela est n\u00e9cessaire pour votre traitement ou les proc\u00e9dures administratives. En outre, au sein de la Clinique de la douleur Yasa Erim Gedik, chaque employ\u00e9 a un devoir de confidentialit\u00e9.<\/li>\n\n\n\n<li>Nous utilisons des connexions s\u00e9curis\u00e9es (Secure Sockets Layer ou SSL).<\/li>\n<\/ul>\n\n\n\n<h3 class=\"wp-block-heading\"><span class=\"ez-toc-section\" id=\"Gizlilik_Politikamizla_ilgili_sorular\"><\/span>Questions sur notre politique de confidentialit\u00e9<span class=\"ez-toc-section-end\"><\/span><\/h3>\n\n\n\n<p>Pour toute question sur notre politique de confidentialit\u00e9 ou sur l'acc\u00e8s et la modification de vos donn\u00e9es personnelles, vous pouvez nous contacter \u00e0 notre clinique.<\/p>\n\n\n\n<p>Vous pouvez \u00e9galement demander un transfert de donn\u00e9es pour les donn\u00e9es que nous utilisons avec votre consentement ou indiquer les raisons pour lesquelles vous souhaitez que nous limitions le traitement des donn\u00e9es \u00e0 caract\u00e8re personnel.<\/p>\n\n\n\n<p>Vous devez vous identifier lors de ces demandes afin d'\u00e9viter les abus. Nous ne communiquerons jamais d'informations m\u00e9dicales \u00e0 un tiers, sauf si la loi l'exige.<\/p>","protected":false},"excerpt":{"rendered":"<p>Gizlili\u011finiz bizim i\u00e7in \u00f6nemlidir Yasa Erim Gedik A\u011fr\u0131 Klini\u011fi, mahremiyet a\u00e7\u0131s\u0131ndan hassas verileri veya ki\u015fisel verileri i\u015fler. Yasa Erim Gedik<\/p>","protected":false},"author":1,"featured_media":0,"parent":0,"menu_order":0,"comment_status":"closed","ping_status":"open","template":"","meta":{"_acf_changed":false,"_joinchat":[],"footnotes":""},"class_list":["post-3","page","type-page","status-publish","hentry"],"acf":[],"_links":{"self":[{"href":"https:\/\/yasaerimgedik.com\/fr\/wp-json\/wp\/v2\/pages\/3","targetHints":{"allow":["GET"]}}],"collection":[{"href":"https:\/\/yasaerimgedik.com\/fr\/wp-json\/wp\/v2\/pages"}],"about":[{"href":"https:\/\/yasaerimgedik.com\/fr\/wp-json\/wp\/v2\/types\/page"}],"author":[{"embeddable":true,"href":"https:\/\/yasaerimgedik.com\/fr\/wp-json\/wp\/v2\/users\/1"}],"replies":[{"embeddable":true,"href":"https:\/\/yasaerimgedik.com\/fr\/wp-json\/wp\/v2\/comments?post=3"}],"version-history":[{"count":0,"href":"https:\/\/yasaerimgedik.com\/fr\/wp-json\/wp\/v2\/pages\/3\/revisions"}],"wp:attachment":[{"href":"https:\/\/yasaerimgedik.com\/fr\/wp-json\/wp\/v2\/media?parent=3"}],"curies":[{"name":"wp","href":"https:\/\/api.w.org\/{rel}","templated":true}]}}