{"id":4400,"date":"2021-10-12T15:51:09","date_gmt":"2021-10-12T15:51:09","guid":{"rendered":"http:\/\/dummy.xtemos.com\/woodmart2\/elementor\/?page_id=4400"},"modified":"2025-01-07T20:39:58","modified_gmt":"2025-01-07T17:39:58","slug":"hakkimizda","status":"publish","type":"page","link":"https:\/\/yasaerimgedik.com\/de\/hakkimizda","title":{"rendered":"\u00dcber uns"},"content":{"rendered":"<div data-elementor-type=\"wp-page\" data-elementor-id=\"4400\" class=\"elementor elementor-4400\" data-elementor-post-type=\"page\">\n\t\t\t\t<div class=\"wd-negative-gap elementor-element elementor-element-7c7c544 e-flex e-con-boxed e-con e-parent\" data-id=\"7c7c544\" data-element_type=\"container\" data-e-type=\"container\">\n\t\t\t\t\t<div class=\"e-con-inner\">\n\t\t<div class=\"elementor-element elementor-element-e7cb5cd e-con-full e-flex e-con e-child\" data-id=\"e7cb5cd\" data-element_type=\"container\" data-e-type=\"container\">\n\t\t\t\t<div class=\"elementor-element elementor-element-56aec39 elementor-widget elementor-widget-wd_image_or_svg\" data-id=\"56aec39\" data-element_type=\"widget\" data-e-type=\"widget\" data-widget_type=\"wd_image_or_svg.default\">\n\t\t\t\t<div class=\"elementor-widget-container\">\n\t\t\t\t\t\n\t\t<div class=\"wd-image text-left\">\n\t\t\t\t\t\t\t\t<img fetchpriority=\"high\" decoding=\"async\" width=\"1099\" height=\"900\" src=\"https:\/\/yasaerimgedik.com\/wp-content\/uploads\/2025\/01\/hakkimizda.jpg\" class=\"attachment-full size-full\" alt=\"\" srcset=\"https:\/\/yasaerimgedik.com\/wp-content\/uploads\/2025\/01\/hakkimizda.jpg 1099w, https:\/\/yasaerimgedik.com\/wp-content\/uploads\/2025\/01\/hakkimizda-366x300.jpg 366w, https:\/\/yasaerimgedik.com\/wp-content\/uploads\/2025\/01\/hakkimizda-977x800.jpg 977w, https:\/\/yasaerimgedik.com\/wp-content\/uploads\/2025\/01\/hakkimizda-768x629.jpg 768w, https:\/\/yasaerimgedik.com\/wp-content\/uploads\/2025\/01\/hakkimizda-75x60.jpg 75w\" sizes=\"(max-width: 1099px) 100vw, 1099px\" \/>\t\t\t\t\t<\/div>\n\n\t\t\t\t\t\t<\/div>\n\t\t\t\t<\/div>\n\t\t\t\t<\/div>\n\t\t<div class=\"elementor-element elementor-element-97d6084 e-con-full e-flex e-con e-child\" data-id=\"97d6084\" data-element_type=\"container\" data-e-type=\"container\">\n\t\t\t\t<div class=\"elementor-element elementor-element-98d830b wd-width-100 elementor-widget elementor-widget-wd_title\" data-id=\"98d830b\" data-element_type=\"widget\" data-e-type=\"widget\" data-widget_type=\"wd_title.default\">\n\t\t\t\t<div class=\"elementor-widget-container\">\n\t\t\t\t\t\t\t<div class=\"title-wrapper wd-set-mb reset-last-child wd-title-color-primary wd-title-style-default wd-title-size-large text-left\">\n\n\t\t\t\t\t\t\t\t\t\t\t<div class=\"title-subtitle subtitle-color-primary subtitle-style-default wd-fontsize-xs\">\n\t\t\t\t\tF\u00fchrender Experte f\u00fcr Schmerzbehandlung: \t\t\t\t<\/div>\n\t\t\t\n\t\t\t<div class=\"liner-continer\">\n\t\t\t\t<h4 class=\"woodmart-title-container title wd-fontsize-xxl\"><span class=\"ez-toc-section\" id=\"Dr_Yasa_Erim_GEDIK\"><\/span>Dr. Ya\u015fa Erim GEDIK<span class=\"ez-toc-section-end\"><\/span><\/h4> \n\t\t\t\t\t\t\t<\/div>\n\n\t\t\t\t\t\t\t<div class=\"title-after_title reset-last-child wd-fontsize-s\">\n\t\t\t\t\t<p><em>Dr. Ya\u015fa Erim GED\u0130K ist ein Arzt, der f\u00fcr sein Fachwissen im Bereich der medizinischen und interventionellen Schmerzbehandlung bekannt ist und die Lebensqualit\u00e4t tausender Patienten verbessern konnte. <\/em><\/p>\t\t\t\t<\/div>\n\t\t\t\t\t<\/div>\n\t\t\t\t\t\t<\/div>\n\t\t\t\t<\/div>\n\t\t\t\t<div class=\"elementor-element elementor-element-66e47ad elementor-widget elementor-widget-wd_text_block\" data-id=\"66e47ad\" data-element_type=\"widget\" data-e-type=\"widget\" data-widget_type=\"wd_text_block.default\">\n\t\t\t\t<div class=\"elementor-widget-container\">\n\t\t\t\t\t\t\t<div class=\"wd-text-block reset-last-child text-left\">\n\t\t\t\n\t\t\t<p>Dr. Gedik schloss 1998 sein Studium an der medizinischen Fakult\u00e4t der Erciyes-Universit\u00e4t ab und vertiefte sich w\u00e4hrend seiner Facharztausbildung in An\u00e4sthesie und Reanimation an der \u00c7ukurova-Universit\u00e4t in den Bereichen Schmerz und Intensivmedizin, in denen er bedeutende Erfolge erzielte. Dr. Gedik, der erfolgreich fortschrittliche Techniken wie intradiskale Interventionen und IDET anwendet, die in unserem Land nur von wenigen \u00c4rzten mit seiner Ausbildung in den USA durchgef\u00fchrt werden, bietet seinen Patienten dauerhafte L\u00f6sungen in einem breiten Spektrum von der nicht-chirurgischen Behandlung von Lenden- und Halswirbelbr\u00fcchen bis zu Krebsschmerzen.<\/p>\n\t\t\t\t\t<\/div>\n\t\t\t\t\t\t<\/div>\n\t\t\t\t<\/div>\n\t\t\t\t<\/div>\n\t\t\t\t\t<\/div>\n\t\t\t\t<\/div>\n\t\t<div class=\"wd-negative-gap elementor-element elementor-element-2d72d5c e-flex e-con-boxed e-con e-parent\" data-id=\"2d72d5c\" data-element_type=\"container\" data-e-type=\"container\">\n\t\t\t\t\t<div class=\"e-con-inner\">\n\t\t<div class=\"elementor-element elementor-element-09e15dc e-con-full e-flex e-con e-child\" data-id=\"09e15dc\" data-element_type=\"container\" data-e-type=\"container\">\n\t\t\t\t<div class=\"elementor-element elementor-element-9a9a496 elementor-widget elementor-widget-heading\" data-id=\"9a9a496\" data-element_type=\"widget\" data-e-type=\"widget\" data-widget_type=\"heading.default\">\n\t\t\t\t<div class=\"elementor-widget-container\">\n\t\t\t\t\t<h2 class=\"elementor-heading-title elementor-size-default\"><span class=\"ez-toc-section\" id=\"Deneyim_ve_Basarilar\"><\/span>Erfahrungen und Erfolge<span class=\"ez-toc-section-end\"><\/span><\/h2>\t\t\t\t<\/div>\n\t\t\t\t<\/div>\n\t\t\t\t<div class=\"elementor-element elementor-element-54c0f7c elementor-widget elementor-widget-wd_text_block\" data-id=\"54c0f7c\" data-element_type=\"widget\" data-e-type=\"widget\" data-widget_type=\"wd_text_block.default\">\n\t\t\t\t<div class=\"elementor-widget-container\">\n\t\t\t\t\t\t\t<div class=\"wd-text-block reset-last-child text-left\">\n\t\t\t\n\t\t\t<p>Dr. Gedik verf\u00fcgt \u00fcber eine einzigartige Erfahrung in der interventionellen Schmerzbehandlung, die sein Spezialgebiet ist. Er wendet erfolgreich Hochrisikomethoden wie IDET an, insbesondere bei der Behandlung von isoliert vorstehenden Lendenbr\u00fcchen, und macht als einer der f\u00fchrenden \u00c4rzte in unserem Land auf diesem Gebiet auf sich aufmerksam. Mit diesen Methoden, die er bisher bei etwa 1000 Patienten angewandt hat, hat er die Schmerzen von Tausenden von Menschen beseitigt. Dar\u00fcber hinaus erh\u00e4lt er dank seiner Erfahrung in der Behandlung zahlreicher akuter und chronischer Schmerzen wie Lenden- und Halswirbelbr\u00fcche, misslungene R\u00fcckenoperationen, Knieschmerzen, Fibromyalgie, Kopf- und Gesichtsschmerzen \u00dcberweisungen von wichtigen Gesundheitszentren des Landes.<\/p>\n\t\t\t\t\t<\/div>\n\t\t\t\t\t\t<\/div>\n\t\t\t\t<\/div>\n\t\t\t\t<\/div>\n\t\t<div class=\"elementor-element elementor-element-b20b1b0 e-con-full e-flex e-con e-child\" data-id=\"b20b1b0\" data-element_type=\"container\" data-e-type=\"container\">\n\t\t\t\t<div class=\"elementor-element elementor-element-22745be elementor-widget elementor-widget-heading\" data-id=\"22745be\" data-element_type=\"widget\" data-e-type=\"widget\" data-widget_type=\"heading.default\">\n\t\t\t\t<div class=\"elementor-widget-container\">\n\t\t\t\t\t<h2 class=\"elementor-heading-title elementor-size-default\"><span class=\"ez-toc-section\" id=\"Gelismis_Tedavi_Yoentemleri\"><\/span>Fortgeschrittene Behandlungsmethoden<span class=\"ez-toc-section-end\"><\/span><\/h2>\t\t\t\t<\/div>\n\t\t\t\t<\/div>\n\t\t\t\t<div class=\"elementor-element elementor-element-8a65408 elementor-widget elementor-widget-wd_text_block\" data-id=\"8a65408\" data-element_type=\"widget\" data-e-type=\"widget\" data-widget_type=\"wd_text_block.default\">\n\t\t\t\t<div class=\"elementor-widget-container\">\n\t\t\t\t\t\t\t<div class=\"wd-text-block reset-last-child text-left\">\n\t\t\t\n\t\t\t<p>Dr. Gediks Fachkenntnisse beschr\u00e4nken sich nicht auf Schmerzbehandlungen. Er wendet erfolgreich fortschrittliche interventionelle Methoden wie die Platzierung permanenter ven\u00f6ser Ports, R\u00fcckenmarkstimulation (SCS), spinale und epidurale Pumpsysteme bei Krebspatienten an. Dar\u00fcber hinaus bietet er seinen Patienten einen ganzheitlichen Ansatz mit komplement\u00e4rmedizinischen Anwendungen wie Prolotherapie, Neuraltherapie, Ozontherapie und Akupunktur. Es zeichnet sich auch bei der Behandlung chronischer Krankheiten durch Anwendungen der funktionellen Medizin aus, z. B. bei der zellul\u00e4ren Immunit\u00e4t und dem Hormonausgleich.<\/p>\n\t\t\t\t\t<\/div>\n\t\t\t\t\t\t<\/div>\n\t\t\t\t<\/div>\n\t\t\t\t<\/div>\n\t\t\t\t\t<\/div>\n\t\t\t\t<\/div>\n\t\t<div class=\"wd-negative-gap elementor-element elementor-element-fc1f6f5 e-flex e-con-boxed e-con e-parent\" data-id=\"fc1f6f5\" data-element_type=\"container\" data-e-type=\"container\">\n\t\t\t\t\t<div class=\"e-con-inner\">\n\t\t<div class=\"elementor-element elementor-element-c00edbb e-con-full e-flex e-con e-child\" data-id=\"c00edbb\" data-element_type=\"container\" data-e-type=\"container\">\n\t\t\t\t<div class=\"elementor-element elementor-element-936c5fd elementor-widget elementor-widget-heading\" data-id=\"936c5fd\" data-element_type=\"widget\" data-e-type=\"widget\" data-widget_type=\"heading.default\">\n\t\t\t\t<div class=\"elementor-widget-container\">\n\t\t\t\t\t<h2 class=\"elementor-heading-title elementor-size-default\"><span class=\"ez-toc-section\" id=\"Yogun_Bakim_ve_Geleneksel_Tip_Deneyimi\"><\/span>Erfahrung mit Intensivpflege und traditioneller Medizin<span class=\"ez-toc-section-end\"><\/span><\/h2>\t\t\t\t<\/div>\n\t\t\t\t<\/div>\n\t\t\t\t<div class=\"elementor-element elementor-element-efc10f1 elementor-widget elementor-widget-wd_text_block\" data-id=\"efc10f1\" data-element_type=\"widget\" data-e-type=\"widget\" data-widget_type=\"wd_text_block.default\">\n\t\t\t\t<div class=\"elementor-widget-container\">\n\t\t\t\t\t\t\t<div class=\"wd-text-block reset-last-child text-left\">\n\t\t\t\n\t\t\t<p>Dr. Gedik, der \u00fcber mehr als 15 Jahre Erfahrung in der Intensivpflege verf\u00fcgt, hat erfolgreich fortgeschrittene interventionelle Verfahren wie die Anwendung mechanischer Beatmungsger\u00e4te, perkutane Tracheostomie und CVVHDF durchgef\u00fchrt. Dar\u00fcber hinaus hat er umfangreiche Erfahrungen im An\u00e4sthesiemanagement bei speziellen Operationen wie der offenen Herz-, Leber- und Nierentransplantation gesammelt.<\/p>\n\t\t\t\t\t<\/div>\n\t\t\t\t\t\t<\/div>\n\t\t\t\t<\/div>\n\t\t\t\t<\/div>\n\t\t<div class=\"elementor-element elementor-element-4cd8afb e-con-full e-flex e-con e-child\" data-id=\"4cd8afb\" data-element_type=\"container\" data-e-type=\"container\">\n\t\t\t\t<div class=\"elementor-element elementor-element-f55d329 elementor-widget elementor-widget-heading\" data-id=\"f55d329\" data-element_type=\"widget\" data-e-type=\"widget\" data-widget_type=\"heading.default\">\n\t\t\t\t<div class=\"elementor-widget-container\">\n\t\t\t\t\t<h2 class=\"elementor-heading-title elementor-size-default\"><span class=\"ez-toc-section\" id=\"Saglik_Turizmi_ve_Uluslararasi_Calismalar\"><\/span>Gesundheitstourismus und internationale Studien<span class=\"ez-toc-section-end\"><\/span><\/h2>\t\t\t\t<\/div>\n\t\t\t\t<\/div>\n\t\t\t\t<div class=\"elementor-element elementor-element-0004cab elementor-widget elementor-widget-wd_text_block\" data-id=\"0004cab\" data-element_type=\"widget\" data-e-type=\"widget\" data-widget_type=\"wd_text_block.default\">\n\t\t\t\t<div class=\"elementor-widget-container\">\n\t\t\t\t\t\t\t<div class=\"wd-text-block reset-last-child text-left\">\n\t\t\t\n\t\t\t<p>Im Jahr 2023 erhielt es die vom Gesundheitsministerium ausgestellte Genehmigung f\u00fcr den Gesundheitstourismus und begann mit der Erbringung von Dienstleistungen f\u00fcr Patienten aus dem Ausland. Mit einem multidisziplin\u00e4ren Ansatz bietet es seinen Patienten umfassendere Behandlungsdienste, indem es mit Bereichen wie Orthop\u00e4die, Neurochirurgie und Neurologie zusammenarbeitet.<\/p>\n\t\t\t\t\t<\/div>\n\t\t\t\t\t\t<\/div>\n\t\t\t\t<\/div>\n\t\t\t\t<\/div>\n\t\t\t\t\t<\/div>\n\t\t\t\t<\/div>\n\t\t<div class=\"wd-negative-gap elementor-element elementor-element-e8fda72 e-flex e-con-boxed e-con e-parent\" data-id=\"e8fda72\" data-element_type=\"container\" data-e-type=\"container\">\n\t\t\t\t\t<div class=\"e-con-inner\">\n\t\t<div class=\"elementor-element elementor-element-95141d5 e-con-full e-flex e-con e-child\" data-id=\"95141d5\" data-element_type=\"container\" data-e-type=\"container\">\n\t\t\t\t<div class=\"elementor-element elementor-element-51eb550 elementor-widget elementor-widget-heading\" data-id=\"51eb550\" data-element_type=\"widget\" data-e-type=\"widget\" data-widget_type=\"heading.default\">\n\t\t\t\t<div class=\"elementor-widget-container\">\n\t\t\t\t\t<h2 class=\"elementor-heading-title elementor-size-default\"><span class=\"ez-toc-section\" id=\"Kisisel_Yasam_ve_Ilgi_Alanlari\"><\/span>Pers\u00f6nliches Leben und Interessen:<span class=\"ez-toc-section-end\"><\/span><\/h2>\t\t\t\t<\/div>\n\t\t\t\t<\/div>\n\t\t\t\t<div class=\"elementor-element elementor-element-f291783 elementor-widget elementor-widget-wd_text_block\" data-id=\"f291783\" data-element_type=\"widget\" data-e-type=\"widget\" data-widget_type=\"wd_text_block.default\">\n\t\t\t\t<div class=\"elementor-widget-container\">\n\t\t\t\t\t\t\t<div class=\"wd-text-block reset-last-child text-left\">\n\t\t\t\n\t\t\t<p>Dr. Gedik f\u00fchrt ein aktives Leben, nicht nur im medizinischen Bereich, sondern auch in k\u00fcnstlerischen und sportlichen Bereichen. Dr. Gedik, der als Amateur Geige spielt und sich f\u00fcr Musik und Sport interessiert, ist verheiratet und hat drei Kinder.<\/p>\n\t\t\t\t\t<\/div>\n\t\t\t\t\t\t<\/div>\n\t\t\t\t<\/div>\n\t\t\t\t<\/div>\n\t\t\t\t\t<\/div>\n\t\t\t\t<\/div>\n\t\t<div class=\"wd-negative-gap elementor-element elementor-element-1c90c3f wd-section-stretch e-flex e-con-boxed e-con e-parent\" data-id=\"1c90c3f\" data-element_type=\"container\" data-e-type=\"container\">\n\t\t\t\t\t<div class=\"e-con-inner\">\n\t\t\t\t<div class=\"elementor-element elementor-element-5d57672 elementor-widget__width-initial elementor-widget-tablet__width-inherit wd-width-100 elementor-widget elementor-widget-wd_title\" data-id=\"5d57672\" data-element_type=\"widget\" data-e-type=\"widget\" data-widget_type=\"wd_title.default\">\n\t\t\t\t<div class=\"elementor-widget-container\">\n\t\t\t\t\t\t\t<div class=\"title-wrapper wd-set-mb reset-last-child wd-title-color-primary wd-title-style-default wd-title-size-large text-left\">\n\n\t\t\t\t\t\t\t\t\t\t\t<div class=\"title-subtitle subtitle-color-primary subtitle-style-default wd-fontsize-xs\">\n\t\t\t\t\tF\u00fcr ein schmerzfreies Leben\t\t\t\t<\/div>\n\t\t\t\n\t\t\t<div class=\"liner-continer\">\n\t\t\t\t<h4 class=\"woodmart-title-container title wd-fontsize-xxl\"><span class=\"ez-toc-section\" id=\"Bilim_ve_Guevenle_Yaninizdayiz\"><\/span>Mit Wissenschaft und Vertrauen an Ihrer Seite<span class=\"ez-toc-section-end\"><\/span><\/h4> \n\t\t\t\t\t\t\t<\/div>\n\n\t\t\t\t\t<\/div>\n\t\t\t\t\t\t<\/div>\n\t\t\t\t<\/div>\n\t\t\t\t<div class=\"elementor-element elementor-element-9c05225 elementor-widget__width-initial elementor-widget elementor-widget-wd_infobox\" data-id=\"9c05225\" data-element_type=\"widget\" data-e-type=\"widget\" data-widget_type=\"wd_infobox.default\">\n\t\t\t\t<div class=\"elementor-widget-container\">\n\t\t\t\t\t\t\t<div class=\"info-box-wrapper\">\n\t\t\t<div class=\"wd-info-box text-left box-icon-align-top box-style-base color-scheme-\">\n\t\t\t\t\n\t\t\t\t<div class=\"info-box-content\">\n\t\t\t\t\t\n\t\t\t\t\t\t\t\t\t\t\t<h4\t\t\t\t\t\tclass=\"info-box-title title box-title-style-default wd-fontsize-m\" data-elementor-setting-key=\"title\"><span class=\"ez-toc-section\" id=\"Misyonumuz\"><\/span>\n\t\t\t\t\t\t\t\tUnser Auftrag\t\t\t\t\t\t<span class=\"ez-toc-section-end\"><\/span><\/h4>\n\t\t\t\t\t\n\t\t\t\t\t<div class=\"info-box-inner reset-last-child\"data-elementor-setting-key=\"content\"><p>Die Lebensqualit\u00e4t der Patienten zu verbessern, ein schmerzfreies Leben zu erm\u00f6glichen und mit wissenschaftlich fundierten, auf die individuellen Bed\u00fcrfnisse zugeschnittenen Behandlungen etwas zu bewirken.<\/p>\n<\/div>\n\n\t\t\t\t\t\t\t\t\t<\/div>\n\n\t\t\t\t\t\t\t\t\t<a href=\"#\" class=\"wd-info-box-link wd-fill\" aria-label=\"Infobox link\"><\/a>\n\t\t\t\t\t\t\t<\/div>\n\t\t<\/div>\n\t\t\t\t\t\t<\/div>\n\t\t\t\t<\/div>\n\t\t\t\t<div class=\"elementor-element elementor-element-ec30bde elementor-widget__width-initial elementor-widget elementor-widget-wd_infobox\" data-id=\"ec30bde\" data-element_type=\"widget\" data-e-type=\"widget\" data-widget_type=\"wd_infobox.default\">\n\t\t\t\t<div class=\"elementor-widget-container\">\n\t\t\t\t\t\t\t<div class=\"info-box-wrapper\">\n\t\t\t<div class=\"wd-info-box text-left box-icon-align-top box-style-base color-scheme-\">\n\t\t\t\t\n\t\t\t\t<div class=\"info-box-content\">\n\t\t\t\t\t\n\t\t\t\t\t\t\t\t\t\t\t<h4\t\t\t\t\t\tclass=\"info-box-title title box-title-style-default wd-fontsize-m\" data-elementor-setting-key=\"title\"><span class=\"ez-toc-section\" id=\"Vizyonumuz\"><\/span>\n\t\t\t\t\t\t\t\tUnsere Vision\t\t\t\t\t\t<span class=\"ez-toc-section-end\"><\/span><\/h4>\n\t\t\t\t\t\n\t\t\t\t\t<div class=\"info-box-inner reset-last-child\"data-elementor-setting-key=\"content\"><p>Wir wollen mit fortschrittlichen Behandlungsmethoden und einem multidisziplin\u00e4ren Ansatz ein f\u00fchrendes Zentrum f\u00fcr die Schmerzbehandlung in unserem Land und auf internationaler Ebene sein.<\/p>\n<\/div>\n\n\t\t\t\t\t\t\t\t\t<\/div>\n\n\t\t\t\t\t\t\t<\/div>\n\t\t<\/div>\n\t\t\t\t\t\t<\/div>\n\t\t\t\t<\/div>\n\t\t\t\t\t<\/div>\n\t\t\t\t<\/div>\n\t\t\t\t<\/div>","protected":false},"excerpt":{"rendered":"<p>A\u011fr\u0131 Tedavisinde \u00d6nc\u00fc Uzman: Dr. Ya\u015fa Erim GED\u0130K Dr. Ya\u015fa Erim GED\u0130K, medikal ve giri\u015fimsel a\u011fr\u0131 tedavilerindeki uzmanl\u0131\u011f\u0131 ile tan\u0131nan,<\/p>","protected":false},"author":1,"featured_media":0,"parent":0,"menu_order":0,"comment_status":"closed","ping_status":"closed","template":"","meta":{"_acf_changed":false,"_joinchat":[],"footnotes":""},"class_list":["post-4400","page","type-page","status-publish","hentry"],"acf":[],"_links":{"self":[{"href":"https:\/\/yasaerimgedik.com\/de\/wp-json\/wp\/v2\/pages\/4400","targetHints":{"allow":["GET"]}}],"collection":[{"href":"https:\/\/yasaerimgedik.com\/de\/wp-json\/wp\/v2\/pages"}],"about":[{"href":"https:\/\/yasaerimgedik.com\/de\/wp-json\/wp\/v2\/types\/page"}],"author":[{"embeddable":true,"href":"https:\/\/yasaerimgedik.com\/de\/wp-json\/wp\/v2\/users\/1"}],"replies":[{"embeddable":true,"href":"https:\/\/yasaerimgedik.com\/de\/wp-json\/wp\/v2\/comments?post=4400"}],"version-history":[{"count":0,"href":"https:\/\/yasaerimgedik.com\/de\/wp-json\/wp\/v2\/pages\/4400\/revisions"}],"wp:attachment":[{"href":"https:\/\/yasaerimgedik.com\/de\/wp-json\/wp\/v2\/media?parent=4400"}],"curies":[{"name":"wp","href":"https:\/\/api.w.org\/{rel}","templated":true}]}}