{"id":3,"date":"2024-12-22T16:06:09","date_gmt":"2024-12-22T16:06:09","guid":{"rendered":"https:\/\/work.medyaikon.com.tr\/yasa\/?page_id=3"},"modified":"2024-12-30T15:53:55","modified_gmt":"2024-12-30T12:53:55","slug":"privacy-policy","status":"publish","type":"page","link":"https:\/\/yasaerimgedik.com\/de\/privacy-policy","title":{"rendered":"Datenschutzbestimmungen"},"content":{"rendered":"<h3 class=\"wp-block-heading\"><span class=\"ez-toc-section\" id=\"Gizliliginiz_bizim_icin_oenemlidir\"><\/span>Ihre Privatsph\u00e4re ist f\u00fcr uns wichtig<span class=\"ez-toc-section-end\"><\/span><\/h3>\n\n\n\n<p>Die Yasa Erim Gedik Pain Clinic verarbeitet datenschutzrechtlich sensible Daten oder personenbezogene Daten. Die Yasa Erim Gedik Pain Clinic legt gro\u00dfen Wert auf einen sorgf\u00e4ltigen Umgang mit personenbezogenen Daten. Deshalb werden personenbezogene Daten bei uns sorgf\u00e4ltig verarbeitet und gesichert. Bei all unseren betrieblichen Abl\u00e4ufen halten wir die Anforderungen der Datenschutzgesetzgebung ein. Dies bedeutet u.a.:<\/p>\n\n\n\n<ul class=\"wp-block-list\">\n<li>In diesen Datenschutzbestimmungen legen wir eindeutig fest, zu welchen Zwecken wir personenbezogene Daten verarbeiten;<\/li>\n\n\n\n<li>Wir beschr\u00e4nken uns bei der Erhebung personenbezogener Daten auf die Daten, die f\u00fcr rechtm\u00e4\u00dfige Zwecke erforderlich sind;<\/li>\n\n\n\n<li>Um Ihre personenbezogenen Daten verarbeiten zu k\u00f6nnen, bitten wir Sie zun\u00e4chst um Ihre ausdr\u00fcckliche Zustimmung;<\/li>\n\n\n\n<li>Wir ergreifen geeignete Sicherheitsma\u00dfnahmen, um Ihre personenbezogenen Daten zu sch\u00fctzen, und stellen sicher, dass die Parteien, die personenbezogene Daten in unserem Auftrag verarbeiten, dies auch tun;<\/li>\n\n\n\n<li>Wir respektieren Ihr Recht auf Bereitstellung, Berichtigung oder L\u00f6schung Ihrer personenbezogenen Daten auf Ihren Wunsch hin.<\/li>\n<\/ul>\n\n\n\n<p>In diesen Datenschutzbestimmungen erl\u00e4utern wir, welche personenbezogenen Daten wir zu welchem Zweck erheben und verwenden. Wir empfehlen Ihnen, sie sorgf\u00e4ltig zu lesen.<\/p>\n\n\n\n<h3 class=\"wp-block-heading\"><span class=\"ez-toc-section\" id=\"Verilerinizin_klinigimizde_kullanilmasi\"><\/span>Verwendung Ihrer Daten in unserer Klinik<span class=\"ez-toc-section-end\"><\/span><\/h3>\n\n\n\n<p>Um Sie optimal betreuen zu k\u00f6nnen, ben\u00f6tigen wir einige Informationen von Ihnen. Wir speichern und verwenden nur personenbezogene Daten, die Sie uns im Rahmen der Behandlung direkt zur Verf\u00fcgung stellen oder die uns eindeutig zur Verarbeitung \u00fcberlassen werden. Wenn Sie unsere Kliniken besuchen, bitten wir Sie in \u00dcbereinstimmung mit der t\u00fcrkischen Gesetzgebung um die folgenden Informationen:<\/p>\n\n\n\n<ul class=\"wp-block-list\">\n<li><code>Name Nachname <\/code><\/li>\n\n\n\n<li><code>Geschlecht <\/code><\/li>\n\n\n\n<li><code>Adresse <\/code><\/li>\n\n\n\n<li><code>Rufnummer <\/code><\/li>\n\n\n\n<li><code>E-Mail Adresse <\/code><\/li>\n\n\n\n<li><code>Datum der Geburt <\/code><\/li>\n\n\n\n<li><code>Besondere personenbezogene Daten (Daten \u00fcber Ihre Gesundheit) <\/code><\/li>\n\n\n\n<li><code>Informationen zum t\u00fcrkischen Personalausweis und\/oder Reisepass <\/code><\/li>\n\n\n\n<li><code>Aufenthaltsstatus Versicherungsinformationen <\/code><\/li>\n\n\n\n<li><code>\u00dcberweisende \u00c4rzte (Allgemeinmediziner, Betriebsarzt, Physiotherapeut, MRT-Zentrum, Apotheke)<\/code><\/li>\n<\/ul>\n\n\n\n<p>Nach der Registrierung speichern wir die von Ihnen angegebenen pers\u00f6nlichen Daten, damit Sie diese Informationen nicht bei jedem Besuch erneut angeben m\u00fcssen und wir Sie im Rahmen der Betreuung kontaktieren k\u00f6nnen. Wir geben die mit Ihnen verbundenen Daten nicht an Dritte weiter, es sei denn, dies ist im Rahmen der Betreuung erforderlich oder gesetzlich vorgeschrieben. Wir k\u00f6nnen personenbezogene Daten an die zust\u00e4ndigen Beh\u00f6rden weitergeben, wenn der Verdacht auf Betrug oder Missbrauch unserer Dienstleistungen besteht.<\/p>\n\n\n\n<h3 class=\"wp-block-heading\"><span class=\"ez-toc-section\" id=\"Verilerinizin_guevenligi\"><\/span>Sicherheit Ihrer Daten<span class=\"ez-toc-section-end\"><\/span><\/h3>\n\n\n\n<p>Wir ergreifen Sicherheitsma\u00dfnahmen, um den Missbrauch personenbezogener Daten und den unbefugten Zugriff einzuschr\u00e4nken. Insbesondere ergreifen wir die folgenden Ma\u00dfnahmen:<\/p>\n\n\n\n<ul class=\"wp-block-list\">\n<li>Der Zugang zu personenbezogenen Daten ist durch einen Benutzernamen, ein Passwort und eine visuelle Anmeldekennung gesch\u00fctzt.<\/li>\n\n\n\n<li>Nach Erhalt werden die Daten in einer separaten, gesch\u00fctzten elektronischen Patientenakte gespeichert. Nur das medizinische und das Sekretariatspersonal haben (begrenzten) Zugang zu Ihrer Patientenakte. Alle Mitarbeiter sehen oder verwenden Ihre Daten nur, wenn dies f\u00fcr Ihre Behandlung oder f\u00fcr administrative Vorg\u00e4nge erforderlich ist. Dar\u00fcber hinaus unterliegt in der Yasa Erim Gedik Schmerzklinik jeder Mitarbeiter der Schweigepflicht.<\/li>\n\n\n\n<li>Wir verwenden sichere Verbindungen (Secure Sockets Layer oder SSL).<\/li>\n<\/ul>\n\n\n\n<h3 class=\"wp-block-heading\"><span class=\"ez-toc-section\" id=\"Gizlilik_Politikamizla_ilgili_sorular\"><\/span>Fragen zu unserer Datenschutzrichtlinie<span class=\"ez-toc-section-end\"><\/span><\/h3>\n\n\n\n<p>Bei Fragen zu unserer Datenschutzpolitik oder bei Fragen zum Zugang zu und zur \u00c4nderung Ihrer pers\u00f6nlichen Daten k\u00f6nnen Sie sich an unsere Klinik wenden.<\/p>\n\n\n\n<p>Sie k\u00f6nnen auch eine Daten\u00fcbermittlung f\u00fcr die Daten beantragen, die wir mit Ihrer Zustimmung verwenden, oder die Gr\u00fcnde angeben, warum Sie m\u00f6chten, dass wir die Verarbeitung der personenbezogenen Daten einschr\u00e4nken.<\/p>\n\n\n\n<p>Sie m\u00fcssen sich bei diesen Anfragen ausweisen, um Missbrauch zu verhindern. Wir werden niemals medizinische Informationen an Dritte weitergeben, es sei denn, dies ist gesetzlich vorgeschrieben.<\/p>","protected":false},"excerpt":{"rendered":"<p>Gizlili\u011finiz bizim i\u00e7in \u00f6nemlidir Yasa Erim Gedik A\u011fr\u0131 Klini\u011fi, mahremiyet a\u00e7\u0131s\u0131ndan hassas verileri veya ki\u015fisel verileri i\u015fler. Yasa Erim Gedik<\/p>","protected":false},"author":1,"featured_media":0,"parent":0,"menu_order":0,"comment_status":"closed","ping_status":"open","template":"","meta":{"_acf_changed":false,"_joinchat":[],"footnotes":""},"class_list":["post-3","page","type-page","status-publish","hentry"],"acf":[],"_links":{"self":[{"href":"https:\/\/yasaerimgedik.com\/de\/wp-json\/wp\/v2\/pages\/3","targetHints":{"allow":["GET"]}}],"collection":[{"href":"https:\/\/yasaerimgedik.com\/de\/wp-json\/wp\/v2\/pages"}],"about":[{"href":"https:\/\/yasaerimgedik.com\/de\/wp-json\/wp\/v2\/types\/page"}],"author":[{"embeddable":true,"href":"https:\/\/yasaerimgedik.com\/de\/wp-json\/wp\/v2\/users\/1"}],"replies":[{"embeddable":true,"href":"https:\/\/yasaerimgedik.com\/de\/wp-json\/wp\/v2\/comments?post=3"}],"version-history":[{"count":0,"href":"https:\/\/yasaerimgedik.com\/de\/wp-json\/wp\/v2\/pages\/3\/revisions"}],"wp:attachment":[{"href":"https:\/\/yasaerimgedik.com\/de\/wp-json\/wp\/v2\/media?parent=3"}],"curies":[{"name":"wp","href":"https:\/\/api.w.org\/{rel}","templated":true}]}}